{"id":1785,"date":"2026-03-09T15:59:00","date_gmt":"2026-03-09T14:59:00","guid":{"rendered":"https:\/\/new.trivody.sk\/?page_id=1785"},"modified":"2026-04-27T14:26:43","modified_gmt":"2026-04-27T12:26:43","slug":"reservation","status":"publish","type":"page","link":"https:\/\/www.stvrtavoda.sk\/en\/rezervacia","title":{"rendered":"Reservation"},"content":{"rendered":"\t\t<div data-elementor-type=\"wp-page\" data-elementor-id=\"1785\" class=\"elementor elementor-1785\" data-elementor-post-type=\"page\">\n\t\t\t\t<div class=\"elementor-element elementor-element-4aa513a5 e-flex e-con-boxed e-con e-parent\" data-id=\"4aa513a5\" data-element_type=\"container\" data-e-type=\"container\" data-settings=\"{&quot;background_background&quot;:&quot;classic&quot;}\">\n\t\t\t\t\t<div class=\"e-con-inner\">\n\t\t<div class=\"elementor-element elementor-element-173db9e e-con-full e-flex e-con e-child\" data-id=\"173db9e\" data-element_type=\"container\" data-e-type=\"container\">\n\t\t\t\t<div class=\"elementor-element elementor-element-5232a18d elementor-widget elementor-widget-text-editor\" data-id=\"5232a18d\" data-element_type=\"widget\" data-e-type=\"widget\" data-widget_type=\"text-editor.default\">\n\t\t\t\t\t\t\t\t\t<p>BEZ PROV\u00cdZI\u00cd<\/p>\t\t\t\t\t\t\t\t<\/div>\n\t\t\t\t<div class=\"elementor-element elementor-element-ed1a972 animated-slow elementor-invisible elementor-widget elementor-widget-heading\" data-id=\"ed1a972\" data-element_type=\"widget\" data-e-type=\"widget\" data-settings=\"{&quot;_animation&quot;:&quot;fadeIn&quot;}\" data-widget_type=\"heading.default\">\n\t\t\t\t\t<h1 class=\"elementor-heading-title elementor-size-default\"><i>Rezerv\u00e1cia<\/i> a dostupnos\u0165<\/h1>\t\t\t\t<\/div>\n\t\t\t\t<div class=\"elementor-element elementor-element-b20a647 elementor-widget elementor-widget-text-editor\" data-id=\"b20a647\" data-element_type=\"widget\" data-e-type=\"widget\" data-widget_type=\"text-editor.default\">\n\t\t\t\t\t\t\t\t\t<p>Priama rezerv\u00e1cia. Garantovan\u00e1 najlep\u0161ia cena.\u00a0<\/p>\t\t\t\t\t\t\t\t<\/div>\n\t\t\t\t<\/div>\n\t\t\t\t\t<\/div>\n\t\t\t\t<\/div>\n\t\t<div class=\"elementor-element elementor-element-a43b5e2 e-flex e-con-boxed e-con e-parent\" data-id=\"a43b5e2\" data-element_type=\"container\" data-e-type=\"container\" id=\"rezervacia\" data-settings=\"{&quot;background_background&quot;:&quot;classic&quot;}\">\n\t\t\t\t\t<div class=\"e-con-inner\">\n\t\t\t\t<div class=\"elementor-element elementor-element-6ace07f elementor-widget elementor-widget-html\" data-id=\"6ace07f\" data-element_type=\"widget\" data-e-type=\"widget\" data-no-translation=\"\" data-widget_type=\"html.default\">\n\t\t\t\t\t<style>.elementor-element-6ace07f{display:none !important}<\/style>\t\t\t\t<\/div>\n\t\t\t\t<div class=\"elementor-element elementor-element-b6eeaa1 elementor-widget elementor-widget-html\" data-id=\"b6eeaa1\" data-element_type=\"widget\" data-e-type=\"widget\" data-no-translation=\"\" data-widget_type=\"html.default\">\n\t\t\t\t\t<iframe src =\"https:\/\/beds24.com\/booking2.php?ownerid=91954&group=stvrtavoda&numnight=2&numadult=2&referer=stvrtavodadesktopen&lang=en\" width=\"1200\" height=\"1200\" style=\"max-width:100%;border:none;overflow:auto;\"><p><a href=\"https:\/\/beds24.com\/booking2.php?ownerid=91954&amp;referer=stvrtavodaen\" title=\"Book Now\" target=\"_blank\" rel=\"noopener\">Book Now<\/a><\/p><\/iframe>\t\t\t\t<\/div>\n\t\t\t\t\t<\/div>\n\t\t\t\t<\/div>\n\t\t<div class=\"elementor-element elementor-element-418df46 elementor-hidden-desktop elementor-hidden-tablet elementor-hidden-mobile e-flex e-con-boxed e-con e-parent\" data-id=\"418df46\" data-element_type=\"container\" data-e-type=\"container\" data-settings=\"{&quot;background_background&quot;:&quot;classic&quot;}\">\n\t\t\t\t\t<div class=\"e-con-inner\">\n\t\t<div class=\"elementor-element elementor-element-bf785cc e-con-full e-flex e-con e-child\" data-id=\"bf785cc\" data-element_type=\"container\" data-e-type=\"container\">\n\t\t\t\t<div class=\"elementor-element elementor-element-3aeb85a elementor-invisible elementor-widget elementor-widget-heading\" data-id=\"3aeb85a\" data-element_type=\"widget\" data-e-type=\"widget\" data-settings=\"{&quot;_animation&quot;:&quot;fadeIn&quot;}\" data-widget_type=\"heading.default\">\n\t\t\t\t\t<h2 class=\"elementor-heading-title elementor-size-default\">Mo\u017enosti <i>stravovania<\/i><\/h2>\t\t\t\t<\/div>\n\t\t\t\t<\/div>\n\t\t<div class=\"elementor-element elementor-element-25ac51a e-con-full e-flex e-con e-child\" data-id=\"25ac51a\" data-element_type=\"container\" data-e-type=\"container\">\n\t\t<div class=\"elementor-element elementor-element-ab2f1a5 e-con-full e-flex elementor-invisible e-con e-child\" data-id=\"ab2f1a5\" data-element_type=\"container\" data-e-type=\"container\" data-settings=\"{&quot;animation&quot;:&quot;fadeInLeft&quot;}\">\n\t\t\t\t<div class=\"elementor-element elementor-element-729e284 elementor-widget elementor-widget-image\" data-id=\"729e284\" data-element_type=\"widget\" data-e-type=\"widget\" data-widget_type=\"image.default\">\n\t\t\t\t\t\t\t\t\t\t\t\t\t\t\t<img fetchpriority=\"high\" decoding=\"async\" width=\"800\" height=\"534\" src=\"https:\/\/www.stvrtavoda.sk\/wp-content\/uploads\/2026\/03\/ranajky-1024x683.jpg\" class=\"attachment-large size-large wp-image-1706\" alt=\"\" srcset=\"https:\/\/www.stvrtavoda.sk\/wp-content\/uploads\/2026\/03\/ranajky-1024x683.jpg 1024w, https:\/\/www.stvrtavoda.sk\/wp-content\/uploads\/2026\/03\/ranajky-300x200.jpg 300w, https:\/\/www.stvrtavoda.sk\/wp-content\/uploads\/2026\/03\/ranajky-768x512.jpg 768w, https:\/\/www.stvrtavoda.sk\/wp-content\/uploads\/2026\/03\/ranajky-1536x1024.jpg 1536w, https:\/\/www.stvrtavoda.sk\/wp-content\/uploads\/2026\/03\/ranajky.jpg 1920w\" sizes=\"(max-width: 800px) 100vw, 800px\" \/>\t\t\t\t\t\t\t\t\t\t\t\t\t\t\t<\/div>\n\t\t\t\t<div class=\"elementor-element elementor-element-38cc9e8 elementor-widget elementor-widget-heading\" data-id=\"38cc9e8\" data-element_type=\"widget\" data-e-type=\"widget\" data-widget_type=\"heading.default\">\n\t\t\t\t\t<h3 class=\"elementor-heading-title elementor-size-default\">Ra\u0148ajky<\/h3>\t\t\t\t<\/div>\n\t\t\t\t<div class=\"elementor-element elementor-element-b36875f elementor-widget elementor-widget-text-editor\" data-id=\"b36875f\" data-element_type=\"widget\" data-e-type=\"widget\" data-widget_type=\"text-editor.default\">\n\t\t\t\t\t\t\t\t\t<p>13\u20ac \/ osoba<\/p>\t\t\t\t\t\t\t\t<\/div>\n\t\t\t\t<div class=\"elementor-element elementor-element-711527e elementor-widget elementor-widget-text-editor\" data-id=\"711527e\" data-element_type=\"widget\" data-e-type=\"widget\" data-widget_type=\"text-editor.default\">\n\t\t\t\t\t\t\t\t\t<p>\u010cerstv\u00e9 ra\u0148ajky priamo do chaletu alebo apartm\u00e1nu.\u00a0 Pohodlie a s\u00fakromie. Objednajte pri rezerv\u00e1cii alebo na recepcii.<\/p>\t\t\t\t\t\t\t\t<\/div>\n\t\t\t\t<div class=\"elementor-element elementor-element-77901d9 elementor-widget elementor-widget-button\" data-id=\"77901d9\" data-element_type=\"widget\" data-e-type=\"widget\" data-widget_type=\"button.default\">\n\t\t\t\t\t\t\t\t\t\t<a class=\"elementor-button elementor-button-link elementor-size-sm\" href=\"\/ranajky\">\n\t\t\t\t\t\t<span class=\"elementor-button-content-wrapper\">\n\t\t\t\t\t\t\t\t\t<span class=\"elementor-button-text\">Objedna\u0165 \/ Viac<\/span>\n\t\t\t\t\t<\/span>\n\t\t\t\t\t<\/a>\n\t\t\t\t\t\t\t\t<\/div>\n\t\t\t\t<\/div>\n\t\t<div class=\"elementor-element elementor-element-db7518b e-con-full e-flex elementor-invisible e-con e-child\" data-id=\"db7518b\" data-element_type=\"container\" data-e-type=\"container\" data-settings=\"{&quot;animation&quot;:&quot;fadeInUp&quot;,&quot;animation_delay&quot;:300}\">\n\t\t\t\t<div class=\"elementor-element elementor-element-5566cac elementor-widget elementor-widget-image\" data-id=\"5566cac\" data-element_type=\"widget\" data-e-type=\"widget\" data-widget_type=\"image.default\">\n\t\t\t\t\t\t\t\t\t\t\t\t\t\t\t<img decoding=\"async\" width=\"800\" height=\"800\" src=\"https:\/\/www.stvrtavoda.sk\/wp-content\/uploads\/2026\/04\/koliba14_1920px35-1024x1024.jpg\" class=\"attachment-large size-large wp-image-15186\" alt=\"\" srcset=\"https:\/\/www.stvrtavoda.sk\/wp-content\/uploads\/2026\/04\/koliba14_1920px35-1024x1024.jpg 1024w, https:\/\/www.stvrtavoda.sk\/wp-content\/uploads\/2026\/04\/koliba14_1920px35-300x300.jpg 300w, https:\/\/www.stvrtavoda.sk\/wp-content\/uploads\/2026\/04\/koliba14_1920px35-150x150.jpg 150w, https:\/\/www.stvrtavoda.sk\/wp-content\/uploads\/2026\/04\/koliba14_1920px35-768x768.jpg 768w, https:\/\/www.stvrtavoda.sk\/wp-content\/uploads\/2026\/04\/koliba14_1920px35-1536x1536.jpg 1536w, https:\/\/www.stvrtavoda.sk\/wp-content\/uploads\/2026\/04\/koliba14_1920px35-12x12.jpg 12w, https:\/\/www.stvrtavoda.sk\/wp-content\/uploads\/2026\/04\/koliba14_1920px35.jpg 1920w\" sizes=\"(max-width: 800px) 100vw, 800px\" \/>\t\t\t\t\t\t\t\t\t\t\t\t\t\t\t<\/div>\n\t\t\t\t<div class=\"elementor-element elementor-element-25467f6 elementor-widget elementor-widget-heading\" data-id=\"25467f6\" data-element_type=\"widget\" data-e-type=\"widget\" data-widget_type=\"heading.default\">\n\t\t\t\t\t<h3 class=\"elementor-heading-title elementor-size-default\">Ve\u010dere \/ A la carte<\/h3>\t\t\t\t<\/div>\n\t\t\t\t<div class=\"elementor-element elementor-element-966dcd8 elementor-widget elementor-widget-text-editor\" data-id=\"966dcd8\" data-element_type=\"widget\" data-e-type=\"widget\" data-widget_type=\"text-editor.default\">\n\t\t\t\t\t\t\t\t\t<p>polpenzia \/ a l\u00e1 carte<\/p>\t\t\t\t\t\t\t\t<\/div>\n\t\t\t\t<div class=\"elementor-element elementor-element-178f855 elementor-widget elementor-widget-text-editor\" data-id=\"178f855\" data-element_type=\"widget\" data-e-type=\"widget\" data-widget_type=\"text-editor.default\">\n\t\t\t\t\t\t\t\t\t<p>Koliba Tri Studni\u010dky. Najstar\u0161ia re\u0161taur\u00e1cia v Dem\u00e4novskej doline \u2014 sedem min\u00fat pe\u0161o. A la carte denne od 12:00 do 22:00. Ve\u010dera v r\u00e1mci polpenzie 20 \u20ac \/ osoba.<\/p>\t\t\t\t\t\t\t\t<\/div>\n\t\t\t\t<div class=\"elementor-element elementor-element-e7f9498 elementor-widget elementor-widget-button\" data-id=\"e7f9498\" data-element_type=\"widget\" data-e-type=\"widget\" data-widget_type=\"button.default\">\n\t\t\t\t\t\t\t\t\t\t<a class=\"elementor-button elementor-button-link elementor-size-sm\" href=\"\/vecere\">\n\t\t\t\t\t\t<span class=\"elementor-button-content-wrapper\">\n\t\t\t\t\t\t\t\t\t<span class=\"elementor-button-text\">Objedna\u0165 \/ Viac<\/span>\n\t\t\t\t\t<\/span>\n\t\t\t\t\t<\/a>\n\t\t\t\t\t\t\t\t<\/div>\n\t\t\t\t<\/div>\n\t\t<div class=\"elementor-element elementor-element-de1e780 e-con-full e-flex elementor-invisible e-con e-child\" data-id=\"de1e780\" data-element_type=\"container\" data-e-type=\"container\" data-settings=\"{&quot;animation&quot;:&quot;fadeInRight&quot;,&quot;animation_delay&quot;:600}\">\n\t\t\t\t<div class=\"elementor-element elementor-element-a006836 elementor-widget elementor-widget-image\" data-id=\"a006836\" data-element_type=\"widget\" data-e-type=\"widget\" data-widget_type=\"image.default\">\n\t\t\t\t\t\t\t\t\t\t\t\t\t\t\t<img decoding=\"async\" width=\"800\" height=\"534\" src=\"https:\/\/www.stvrtavoda.sk\/wp-content\/uploads\/2023\/11\/RP_20231012_1818_120_1920px35-1024x683.jpg\" class=\"attachment-large size-large wp-image-8613\" alt=\"Tri Vody catering caf\u00e9\" srcset=\"https:\/\/www.stvrtavoda.sk\/wp-content\/uploads\/2023\/11\/RP_20231012_1818_120_1920px35-1024x683.jpg 1024w, https:\/\/www.stvrtavoda.sk\/wp-content\/uploads\/2023\/11\/RP_20231012_1818_120_1920px35-300x200.jpg 300w, https:\/\/www.stvrtavoda.sk\/wp-content\/uploads\/2023\/11\/RP_20231012_1818_120_1920px35-768x512.jpg 768w, https:\/\/www.stvrtavoda.sk\/wp-content\/uploads\/2023\/11\/RP_20231012_1818_120_1920px35-1536x1024.jpg 1536w, https:\/\/www.stvrtavoda.sk\/wp-content\/uploads\/2023\/11\/RP_20231012_1818_120_1920px35.jpg 1920w\" sizes=\"(max-width: 800px) 100vw, 800px\" \/>\t\t\t\t\t\t\t\t\t\t\t\t\t\t\t<\/div>\n\t\t\t\t<div class=\"elementor-element elementor-element-133abdd elementor-widget elementor-widget-heading\" data-id=\"133abdd\" data-element_type=\"widget\" data-e-type=\"widget\" data-widget_type=\"heading.default\">\n\t\t\t\t\t<h3 class=\"elementor-heading-title elementor-size-default\">Caf\u00e9 TRI VODY<\/h3>\t\t\t\t<\/div>\n\t\t\t\t<div class=\"elementor-element elementor-element-2db84b0 elementor-widget elementor-widget-text-editor\" data-id=\"2db84b0\" data-element_type=\"widget\" data-e-type=\"widget\" data-widget_type=\"text-editor.default\">\n\t\t\t\t\t\t\t\t\t<p>Denne od 8:00h<\/p>\t\t\t\t\t\t\t\t<\/div>\n\t\t\t\t<div class=\"elementor-element elementor-element-d69df4b elementor-widget elementor-widget-text-editor\" data-id=\"d69df4b\" data-element_type=\"widget\" data-e-type=\"widget\" data-widget_type=\"text-editor.default\">\n\t\t\t\t\t\t\t\t\t<p>K\u00e1va, v\u00edno od slovensk\u00fdch v\u00fdrobcov, 80 druhov alkoholu v minif\u013ea\u0161ti\u010dk\u00e1ch. V kaviarni, na apr\u00e9s ski, na terase \u2014 alebo so sebou.<\/p>\t\t\t\t\t\t\t\t<\/div>\n\t\t\t\t<div class=\"elementor-element elementor-element-1985476 elementor-widget elementor-widget-button\" data-id=\"1985476\" data-element_type=\"widget\" data-e-type=\"widget\" data-widget_type=\"button.default\">\n\t\t\t\t\t\t\t\t\t\t<a class=\"elementor-button elementor-button-link elementor-size-sm\" href=\"\/kaviaren\">\n\t\t\t\t\t\t<span class=\"elementor-button-content-wrapper\">\n\t\t\t\t\t\t\t\t\t<span class=\"elementor-button-text\">Viac<\/span>\n\t\t\t\t\t<\/span>\n\t\t\t\t\t<\/a>\n\t\t\t\t\t\t\t\t<\/div>\n\t\t\t\t<\/div>\n\t\t\t\t<\/div>\n\t\t\t\t\t<\/div>\n\t\t\t\t<\/div>\n\t\t<div class=\"elementor-element elementor-element-2bafff4 e-flex e-con-boxed e-con e-parent\" data-id=\"2bafff4\" data-element_type=\"container\" data-e-type=\"container\" data-settings=\"{&quot;background_background&quot;:&quot;classic&quot;,&quot;background_motion_fx_motion_fx_scrolling&quot;:&quot;yes&quot;,&quot;motion_fx_motion_fx_scrolling&quot;:&quot;yes&quot;,&quot;animation&quot;:&quot;none&quot;,&quot;background_motion_fx_devices&quot;:[&quot;desktop&quot;,&quot;tablet&quot;,&quot;mobile&quot;],&quot;motion_fx_devices&quot;:[&quot;desktop&quot;,&quot;tablet&quot;,&quot;mobile&quot;]}\">\n\t\t\t\t\t<div class=\"e-con-inner\">\n\t\t<div class=\"elementor-element elementor-element-4223cd65 e-con-full animated-slow e-flex elementor-invisible e-con e-child\" data-id=\"4223cd65\" data-element_type=\"container\" data-e-type=\"container\" data-settings=\"{&quot;background_background&quot;:&quot;classic&quot;,&quot;animation&quot;:&quot;fadeIn&quot;,&quot;animation_delay&quot;:300}\">\n\t\t\t\t<div class=\"elementor-element elementor-element-2e22b971 elementor-widget elementor-widget-text-editor\" data-id=\"2e22b971\" data-element_type=\"widget\" data-e-type=\"widget\" data-widget_type=\"text-editor.default\">\n\t\t\t\t\t\t\t\t\t<p>Nevybrali ste si na \u0160tvrtej Vode?<\/p>\t\t\t\t\t\t\t\t<\/div>\n\t\t\t\t<div class=\"elementor-element elementor-element-49310595 elementor-widget elementor-widget-heading\" data-id=\"49310595\" data-element_type=\"widget\" data-e-type=\"widget\" data-widget_type=\"heading.default\">\n\t\t\t\t\t<h2 class=\"elementor-heading-title elementor-size-default\">Pozrite si aj <i>Tri Vody<\/i><\/h2>\t\t\t\t<\/div>\n\t\t\t\t<div class=\"elementor-element elementor-element-465db9fb elementor-widget elementor-widget-spacer\" data-id=\"465db9fb\" data-element_type=\"widget\" data-e-type=\"widget\" data-widget_type=\"spacer.default\">\n\t\t\t\t\t\t\t<div class=\"elementor-spacer\">\n\t\t\t<div class=\"elementor-spacer-inner\"><\/div>\n\t\t<\/div>\n\t\t\t\t\t\t<\/div>\n\t\t\t\t<div class=\"elementor-element elementor-element-2e5d1cba elementor-align-left elementor-widget elementor-widget-button\" data-id=\"2e5d1cba\" data-element_type=\"widget\" data-e-type=\"widget\" data-widget_type=\"button.default\">\n\t\t\t\t\t\t\t\t\t\t<a class=\"elementor-button elementor-button-link elementor-size-sm\" href=\"https:\/\/www.trivody.sk\/rezervacia#rezervacia\" target=\"_blank\" rel=\"noopener\">\n\t\t\t\t\t\t<span class=\"elementor-button-content-wrapper\">\n\t\t\t\t\t\t\t\t\t<span class=\"elementor-button-text\">Rezerv\u00e1cia Tri Vody<\/span>\n\t\t\t\t\t<\/span>\n\t\t\t\t\t<\/a>\n\t\t\t\t\t\t\t\t<\/div>\n\t\t\t\t<\/div>\n\t\t\t\t\t<\/div>\n\t\t\t\t<\/div>\n\t\t\t\t<\/div>\n\t\t","protected":false},"excerpt":{"rendered":"<p>BEZ PROV\u00cdZI\u00cd Rezerv\u00e1cia a dostupnos\u0165 Priama rezerv\u00e1cia. Garantovan\u00e1 najlep\u0161ia cena.\u00a0 Book Now Mo\u017enosti stravovania Ra\u0148ajky 13\u20ac \/ osoba \u010cerstv\u00e9 ra\u0148ajky priamo do chaletu alebo apartm\u00e1nu.\u00a0 Pohodlie a s\u00fakromie. Objednajte pri rezerv\u00e1cii alebo na recepcii. Objedna\u0165 \/ Viac Ve\u010dere \/ A la carte polpenzia \/ a l\u00e1 carte Koliba Tri Studni\u010dky. Najstar\u0161ia re\u0161taur\u00e1cia v Dem\u00e4novskej doline [&hellip;]<\/p>\n","protected":false},"author":2,"featured_media":0,"parent":0,"menu_order":0,"comment_status":"closed","ping_status":"closed","template":"","meta":{"_acf_changed":false,"footnotes":""},"class_list":["post-1785","page","type-page","status-publish","hentry"],"acf":[],"_links":{"self":[{"href":"https:\/\/www.stvrtavoda.sk\/en\/wp-json\/wp\/v2\/pages\/1785","targetHints":{"allow":["GET"]}}],"collection":[{"href":"https:\/\/www.stvrtavoda.sk\/en\/wp-json\/wp\/v2\/pages"}],"about":[{"href":"https:\/\/www.stvrtavoda.sk\/en\/wp-json\/wp\/v2\/types\/page"}],"author":[{"embeddable":true,"href":"https:\/\/www.stvrtavoda.sk\/en\/wp-json\/wp\/v2\/users\/2"}],"replies":[{"embeddable":true,"href":"https:\/\/www.stvrtavoda.sk\/en\/wp-json\/wp\/v2\/comments?post=1785"}],"version-history":[{"count":87,"href":"https:\/\/www.stvrtavoda.sk\/en\/wp-json\/wp\/v2\/pages\/1785\/revisions"}],"predecessor-version":[{"id":17673,"href":"https:\/\/www.stvrtavoda.sk\/en\/wp-json\/wp\/v2\/pages\/1785\/revisions\/17673"}],"wp:attachment":[{"href":"https:\/\/www.stvrtavoda.sk\/en\/wp-json\/wp\/v2\/media?parent=1785"}],"curies":[{"name":"wp","href":"https:\/\/api.w.org\/{rel}","templated":true}]}}